{"id":18,"date":"2018-12-23T14:09:33","date_gmt":"2018-12-23T14:09:33","guid":{"rendered":"http:\/\/Skriptorium.Stadt-Sturmwind.de\/?page_id=18"},"modified":"2023-02-08T07:55:22","modified_gmt":"2023-02-08T06:55:22","slug":"skriptorium","status":"publish","type":"page","link":"https:\/\/Skriptorium.Stadt-Sturmwind.de\/","title":{"rendered":"Skriptorium"},"content":{"rendered":"<h2 class=\"wp-block-heading\" id=\"offnungszeiten\">\u00d6ffnungszeiten<\/h2>\n\n\n<p>Die Stube \u00f6ffnet jeden Donnerstag von 20:00 Uhr bis 23:00 Uhr.<br>Ebenso unregelm\u00e4\u00dfig in den Abendstunden anderer Tage oder auf Anfrage!<\/p>\n\n\n\n<hr class=\"wp-block-separator has-css-opacity is-style-wide\"\/>\n\n\n\n\n<div class=\"su-posts su-posts-default-loop \">\n\n\t\n\t\t\t\t\t\n\t\t\t\n\t\t\t<div id=\"su-post-5038\" class=\"su-post \">\n\n\t\t\t\t\n\t\t\t\t<h2 class=\"su-post-title\"><a href=\"https:\/\/Skriptorium.Stadt-Sturmwind.de\/?p=5038\">Das Stra\u00dfenfest am Magierviertel<\/a><\/h2>\n\n\t\t\t\t<div class=\"su-post-meta\">\n\t\t\t\t\tPosted: 30\/12\/2025\t\t\t\t<\/div>\n\n\t\t\t\t<div class=\"su-post-excerpt\">\n\t\t\t\t\t<p>Das zehnj\u00e4hrige Jubil\u00e4um der Schreibstube.<\/p>\n\t\t\t\t<\/div>\n\n\t\t\t\t\n\t\t\t<\/div>\n\n\t\t\t\t\t\n\t\t\t\n\t\t\t<div id=\"su-post-4386\" class=\"su-post \">\n\n\t\t\t\t\n\t\t\t\t<h2 class=\"su-post-title\"><a href=\"https:\/\/Skriptorium.Stadt-Sturmwind.de\/?p=4386\">Jahresr\u00fcckblick<\/a><\/h2>\n\n\t\t\t\t<div class=\"su-post-meta\">\n\t\t\t\t\tPosted: 22\/01\/2024\t\t\t\t<\/div>\n\n\t\t\t\t<div class=\"su-post-excerpt\">\n\t\t\t\t\t<p>Die Schreibstube pr\u00e4sentiert das vergangene Jahr in Zahlen.<\/p>\n\t\t\t\t<\/div>\n\n\t\t\t\t\n\t\t\t<\/div>\n\n\t\t\t\t\t\n\t\t\t\n\t\t\t<div id=\"su-post-4351\" class=\"su-post \">\n\n\t\t\t\t\n\t\t\t\t<h2 class=\"su-post-title\"><a href=\"https:\/\/Skriptorium.Stadt-Sturmwind.de\/?p=4351\">8 (5) Jahre Skriptorium &#8211; Non Extended Jubil\u00e4umsbox \u00dcbersicht<\/a><\/h2>\n\n\t\t\t\t<div class=\"su-post-meta\">\n\t\t\t\t\tPosted: 17\/01\/2024\t\t\t\t<\/div>\n\n\t\t\t\t<div class=\"su-post-excerpt\">\n\t\t\t\t\t<p>Geb\u00e4ck zum Jubil\u00e4um der Schreibstube.<\/p>\n\t\t\t\t<\/div>\n\n\t\t\t\t\n\t\t\t<\/div>\n\n\t\t\t\t\t\n\t\t\t\n\t\t\t<div id=\"su-post-3008\" class=\"su-post \">\n\n\t\t\t\t\n\t\t\t\t<h2 class=\"su-post-title\"><a href=\"https:\/\/Skriptorium.Stadt-Sturmwind.de\/?p=3008\">Neuheiten und der Jahresabschluss<\/a><\/h2>\n\n\t\t\t\t<div class=\"su-post-meta\">\n\t\t\t\t\tPosted: 30\/12\/2021\t\t\t\t<\/div>\n\n\t\t\t\t<div class=\"su-post-excerpt\">\n\t\t\t\t\t<p>Die Stube w\u00fcnscht einen guten Rutsch!<\/p>\n\t\t\t\t<\/div>\n\n\t\t\t\t\n\t\t\t<\/div>\n\n\t\t\t\t\t\n\t\t\t\n\t\t\t<div id=\"su-post-2919\" class=\"su-post \">\n\n\t\t\t\t\n\t\t\t\t<h2 class=\"su-post-title\"><a href=\"https:\/\/Skriptorium.Stadt-Sturmwind.de\/?p=2919\">Ge\u00e4nderte Zeiten<\/a><\/h2>\n\n\t\t\t\t<div class=\"su-post-meta\">\n\t\t\t\t\tPosted: 04\/11\/2021\t\t\t\t<\/div>\n\n\t\t\t\t<div class=\"su-post-excerpt\">\n\t\t\t\t\t<p>Die Stube \u00f6ffnet wieder!<\/p>\n\t\t\t\t<\/div>\n\n\t\t\t\t\n\t\t\t<\/div>\n\n\t\t\t\t\t\n\t\t\t\n\t\t\t<div id=\"su-post-2891\" class=\"su-post \">\n\n\t\t\t\t\n\t\t\t\t<h2 class=\"su-post-title\"><a href=\"https:\/\/Skriptorium.Stadt-Sturmwind.de\/?p=2891\">Geschlossen<\/a><\/h2>\n\n\t\t\t\t<div class=\"su-post-meta\">\n\t\t\t\t\tPosted: 28\/08\/2021\t\t\t\t<\/div>\n\n\t\t\t\t<div class=\"su-post-excerpt\">\n\t\t\t\t\t<p>Die Stube ist auf unbestimmte Zeit geschlossen.<\/p>\n\t\t\t\t<\/div>\n\n\t\t\t\t\n\t\t\t<\/div>\n\n\t\t\t\t\t\n\t\t\t\n\t\t\t<div id=\"su-post-2750\" class=\"su-post \">\n\n\t\t\t\t\n\t\t\t\t<h2 class=\"su-post-title\"><a href=\"https:\/\/Skriptorium.Stadt-Sturmwind.de\/?p=2750\">Die Wollmesse<\/a><\/h2>\n\n\t\t\t\t<div class=\"su-post-meta\">\n\t\t\t\t\tPosted: 12\/07\/2021\t\t\t\t<\/div>\n\n\t\t\t\t<div class=\"su-post-excerpt\">\n\t\t\t\t\t<p>Eine Woche Markt, Spiel und Trunk auf der Hohenwacht.<\/p>\n\t\t\t\t<\/div>\n\n\t\t\t\t\n\t\t\t<\/div>\n\n\t\t\t\t\t\n\t\t\t\n\t\t\t<div id=\"su-post-2742\" class=\"su-post \">\n\n\t\t\t\t\n\t\t\t\t<h2 class=\"su-post-title\"><a href=\"https:\/\/Skriptorium.Stadt-Sturmwind.de\/?p=2742\">Anderson Monatsmarkt<\/a><\/h2>\n\n\t\t\t\t<div class=\"su-post-meta\">\n\t\t\t\t\tPosted: 26\/06\/2021\t\t\t\t<\/div>\n\n\t\t\t\t<div class=\"su-post-excerpt\">\n\t\t\t\t\t<p>Die Stube l\u00e4dt zum Sturmwinder Markt.<\/p>\n\t\t\t\t<\/div>\n\n\t\t\t\t\n\t\t\t<\/div>\n\n\t\t\t\t\t\n\t\t\t\n\t\t\t<div id=\"su-post-2665\" class=\"su-post \">\n\n\t\t\t\t\n\t\t\t\t<h2 class=\"su-post-title\"><a href=\"https:\/\/Skriptorium.Stadt-Sturmwind.de\/?p=2665\">Neuheiten und kommende M\u00e4rkte<\/a><\/h2>\n\n\t\t\t\t<div class=\"su-post-meta\">\n\t\t\t\t\tPosted: 29\/05\/2021\t\t\t\t<\/div>\n\n\t\t\t\t<div class=\"su-post-excerpt\">\n\t\t\t\t\t<p>Das Skriptorium stellt kommende M\u00e4rkte, wie die Neuerscheinungen im Sortiment vor.<\/p>\n\t\t\t\t<\/div>\n\n\t\t\t\t\n\t\t\t<\/div>\n\n\t\t\t\t\t\n\t\t\t\n\t\t\t<div id=\"su-post-2315\" class=\"su-post \">\n\n\t\t\t\t\n\t\t\t\t<h2 class=\"su-post-title\"><a href=\"https:\/\/Skriptorium.Stadt-Sturmwind.de\/?p=2315\">Neuheiten im Februar<\/a><\/h2>\n\n\t\t\t\t<div class=\"su-post-meta\">\n\t\t\t\t\tPosted: 27\/02\/2021\t\t\t\t<\/div>\n\n\t\t\t\t<div class=\"su-post-excerpt\">\n\t\t\t\t\t<p>Das Skriptorium stellt seit letztmaliger Verk\u00fcndung neu hinzugekommene Literatur vor.<\/p>\n\t\t\t\t<\/div>\n\n\t\t\t\t\n\t\t\t<\/div>\n\n\t\t\n\t\n<\/div>\n\n\n\n\n<p><\/p>\n","protected":false},"excerpt":{"rendered":"<p>\u00d6ffnungszeiten Die Stube \u00f6ffnet jeden Donnerstag von 20:00 Uhr bis 23:00 Uhr.Ebenso unregelm\u00e4\u00dfig in den Abendstunden anderer Tage oder auf Anfrage!<\/p>\n","protected":false},"author":1,"featured_media":0,"parent":0,"menu_order":0,"comment_status":"closed","ping_status":"closed","template":"","meta":{"footnotes":""},"class_list":["post-18","page","type-page","status-publish","hentry"],"pbg_featured_image_src":{"full":false,"thumbnail":false,"medium":false,"medium_large":false,"large":false,"1536x1536":false,"2048x2048":false,"rcno-book-cover-lg":false,"rcno-book-cover-sm":false,"twentyseventeen-featured-image":false,"twentyseventeen-thumbnail-avatar":false},"pbg_author_info":{"display_name":"Das Skriptorium","author_link":"","author_img":false},"pbg_comment_info":" No Comments","pbg_excerpt":"\u00d6ffnungszeiten Die Stube \u00f6ffnet jeden Donnerstag von 20:00 Uhr bis 23:00 Uhr.Ebenso unregelm\u00e4\u00dfig in den Abendstunden anderer Tage oder auf Anfrage!","_links":{"self":[{"href":"https:\/\/Skriptorium.Stadt-Sturmwind.de\/index.php?rest_route=\/wp\/v2\/pages\/18","targetHints":{"allow":["GET"]}}],"collection":[{"href":"https:\/\/Skriptorium.Stadt-Sturmwind.de\/index.php?rest_route=\/wp\/v2\/pages"}],"about":[{"href":"https:\/\/Skriptorium.Stadt-Sturmwind.de\/index.php?rest_route=\/wp\/v2\/types\/page"}],"author":[{"embeddable":true,"href":"https:\/\/Skriptorium.Stadt-Sturmwind.de\/index.php?rest_route=\/wp\/v2\/users\/1"}],"replies":[{"embeddable":true,"href":"https:\/\/Skriptorium.Stadt-Sturmwind.de\/index.php?rest_route=%2Fwp%2Fv2%2Fcomments&post=18"}],"version-history":[{"count":33,"href":"https:\/\/Skriptorium.Stadt-Sturmwind.de\/index.php?rest_route=\/wp\/v2\/pages\/18\/revisions"}],"predecessor-version":[{"id":3884,"href":"https:\/\/Skriptorium.Stadt-Sturmwind.de\/index.php?rest_route=\/wp\/v2\/pages\/18\/revisions\/3884"}],"wp:attachment":[{"href":"https:\/\/Skriptorium.Stadt-Sturmwind.de\/index.php?rest_route=%2Fwp%2Fv2%2Fmedia&parent=18"}],"curies":[{"name":"wp","href":"https:\/\/api.w.org\/{rel}","templated":true}]}}