{"id":26,"date":"2018-12-23T14:14:36","date_gmt":"2018-12-23T13:14:36","guid":{"rendered":"http:\/\/Skriptorium.Stadt-Sturmwind.de\/?page_id=26"},"modified":"2026-03-04T01:11:54","modified_gmt":"2026-03-04T00:11:54","slug":"leistungen","status":"publish","type":"page","link":"https:\/\/Skriptorium.Stadt-Sturmwind.de\/?page_id=26","title":{"rendered":"Leistungen"},"content":{"rendered":"\n<p>Eine Auflistungen der Leistungen des Skriptoriums, sowie Verweise auf die jeweiligen Auflistungen.<\/p>\n\n\n\n<!--more Weiterlesen-->\n\n\n<ul class=\"simpletoc-list\">\n<li><a href=\"#archiv-an-buchern\">Archiv an B\u00fcchern<\/a>\n\n<\/li>\n<li><a href=\"#archiv-an-karten\">Archiv an Karten<\/a>\n\n<\/li>\n<li><a href=\"#schreibutensilien\">Schreibutensilien<\/a>\n\n<\/li>\n<li><a href=\"#abschriften\">Abschriften<\/a>\n\n<\/li>\n<li><a href=\"#ubersetzungen\">\u00dcbersetzungen<\/a>\n<\/li><\/ul>\n\n\n<hr class=\"wp-block-separator has-css-opacity is-style-wide\"\/>\n\n\n<h2 class=\"wp-block-heading\" id=\"archiv-an-buchern\">Archiv an B\u00fcchern<\/h2>\n\n\n<p>Das Skriptorium verf\u00fcgt \u00fcber eine kleine Sammlung an Schriftst\u00fccken. Sie dienen als Original f\u00fcr Abschriften und \u00dcbersetzungen und k\u00f6nnen vor Ort eingesehen werden. Ein Verleih oder Verkauf der Muster selbst in der Sammlung ist jedoch nicht vorgesehen. Der gesamte Bestand kann im <a href=\"https:\/\/Skriptorium.Stadt-Sturmwind.de\/?page_id=28\">Katalog<\/a> vorab begutachtet werden.<\/p>\n\n\n\n<hr class=\"wp-block-separator has-css-opacity is-style-wide\"\/>\n\n\n<h2 class=\"wp-block-heading\" id=\"archiv-an-karten\">Archiv an Karten<\/h2>\n\n\n<p>Die Schreibstube unterh\u00e4lt ein kleines Kartenarchiv, aus dem sie \u00e4hnlich ihrer Schriftwerke, Abschriften besagter Karten zum Verkauf anbietet. <\/p>\n\n\n\n<p>Eine \u00dcbersicht kann \u00fcber die Fachbeschreibungen des <a href=\"https:\/\/Skriptorium.Stadt-Sturmwind.de\/?page_id=5082\" data-type=\"page\" data-id=\"5082\">Schrank der Karten<\/a> erlangt werden.<\/p>\n\n\n\n<hr class=\"wp-block-separator has-alpha-channel-opacity is-style-wide\"\/>\n\n\n<h2 class=\"wp-block-heading\" id=\"schreibutensilien\">Schreibutensilien<\/h2>\n\n\n<p>Die Schreibstube verkauft auf Anfrage Utensilien f\u00fcr das Schreibhandwerk aus demselben Bestand, den die Schreiber der Stube f\u00fcr ihre t\u00e4gliche Arbeit nutzen. Eine Vielzahl dieser Materialien wird der Stube von externen H\u00e4ndlern und Handwerkern zugeliefert.<\/p>\n\n\n\n<p>Einem jeden Fach im <a href=\"https:\/\/Skriptorium.Stadt-Sturmwind.de\/?page_id=4448\" data-type=\"page\" data-id=\"4448\">Schrank der Schreibutensilien<\/a> ist daher zu entnehmen, woher genau das jeweilige Utensil stammt.<\/p>\n\n\n\n<p>F\u00fcr Individualbestellungen tritt die Stube gerne als Vermittlerin zu besagten Lieferanten ein, so der anfragende Besucher nicht w\u00fcnscht, selbst den Weg zum jeweiligen Lieferanten in Angriff zu nehmen.<\/p>\n\n\n\n<hr class=\"wp-block-separator has-css-opacity is-style-wide\"\/>\n\n\n<h2 class=\"wp-block-heading\" id=\"abschriften\">Abschriften<\/h2>\n\n\n<p>Abschriften von Schriftst\u00fccken k\u00f6nnen in beliebiger Quantit\u00e4t in Auftrag gegeben werden. Wahlweise auch nur in Teilabschnitten. Dabei steht zur freien Auswahl, ob die Abschrift im gleichen Medium niedergeschrieben wird wie das Original oder in einem abweichenden.<\/p>\n\n\n\n<div class=\"wp-block-columns has-2-columns is-layout-flex wp-container-core-columns-is-layout-9d6595d7 wp-block-columns-is-layout-flex\">\n<div class=\"wp-block-column is-layout-flow wp-block-column-is-layout-flow\">\n<p> Folgende Schriftr\u00e4ger stehen daf\u00fcr zur Auswahl.<\/p>\n<\/div>\n\n\n\n<div class=\"wp-block-column is-layout-flow wp-block-column-is-layout-flow\">\n<ul class=\"wp-block-list\">\n<li> Gebundenes Buch <\/li>\n\n\n\n<li> Gebundenes Heft <\/li>\n\n\n\n<li> Manuskriptsammlung <\/li>\n\n\n\n<li> Schriftrolle<\/li>\n<\/ul>\n<\/div>\n<\/div>\n\n\n\n<hr class=\"wp-block-separator has-css-opacity is-style-wide\"\/>\n\n\n<h2 class=\"wp-block-heading\" id=\"ubersetzungen\">\u00dcbersetzungen<\/h2>\n\n\n<p>\u00dcbersetzungen von Schriftst\u00fccken k\u00f6nnen in beliebiger Quantit\u00e4t in Auftrag gegeben werden. Wahlweise auch nur in Teilabschnitten. Dabei steht zur freien Auswahl, ob die Abschrift im gleichen Medium niedergeschrieben wird wie das Original oder in einem abweichenden.<\/p>\n\n\n\n<p>Die Stube arbeitet damit mit einer Vielzahl an bekannten \u00dcbersetzern und Schriftgelehrten zusammen, die je nach angefragter Sprache angefragt werden k\u00f6nnen.<\/p>\n\n\n\n<p>Nach der Verifizierung, dass der \u00dcbersetzer bereit ist, die Anfrage zu \u00fcbernehmen, kann die Stube wahlweise als Vermittlerin zwischen \u00dcbersetzer und Besucher auftreten.<\/p>\n","protected":false},"excerpt":{"rendered":"<p>Eine Auflistungen der Leistungen des Skriptoriums, sowie Verweise auf die jeweiligen Auflistungen.<\/p>\n","protected":false},"author":1,"featured_media":0,"parent":18,"menu_order":2,"comment_status":"closed","ping_status":"closed","template":"","meta":{"footnotes":""},"class_list":["post-26","page","type-page","status-publish","hentry"],"pbg_featured_image_src":{"full":false,"thumbnail":false,"medium":false,"medium_large":false,"large":false,"1536x1536":false,"2048x2048":false,"rcno-book-cover-lg":false,"rcno-book-cover-sm":false,"twentyseventeen-featured-image":false,"twentyseventeen-thumbnail-avatar":false},"pbg_author_info":{"display_name":"Das Skriptorium","author_link":"","author_img":false},"pbg_comment_info":" No Comments","pbg_excerpt":"Eine Auflistungen der Leistungen des Skriptoriums, sowie Verweise auf die jeweiligen Auflistungen.","_links":{"self":[{"href":"https:\/\/Skriptorium.Stadt-Sturmwind.de\/index.php?rest_route=\/wp\/v2\/pages\/26","targetHints":{"allow":["GET"]}}],"collection":[{"href":"https:\/\/Skriptorium.Stadt-Sturmwind.de\/index.php?rest_route=\/wp\/v2\/pages"}],"about":[{"href":"https:\/\/Skriptorium.Stadt-Sturmwind.de\/index.php?rest_route=\/wp\/v2\/types\/page"}],"author":[{"embeddable":true,"href":"https:\/\/Skriptorium.Stadt-Sturmwind.de\/index.php?rest_route=\/wp\/v2\/users\/1"}],"replies":[{"embeddable":true,"href":"https:\/\/Skriptorium.Stadt-Sturmwind.de\/index.php?rest_route=%2Fwp%2Fv2%2Fcomments&post=26"}],"version-history":[{"count":18,"href":"https:\/\/Skriptorium.Stadt-Sturmwind.de\/index.php?rest_route=\/wp\/v2\/pages\/26\/revisions"}],"predecessor-version":[{"id":5143,"href":"https:\/\/Skriptorium.Stadt-Sturmwind.de\/index.php?rest_route=\/wp\/v2\/pages\/26\/revisions\/5143"}],"up":[{"embeddable":true,"href":"https:\/\/Skriptorium.Stadt-Sturmwind.de\/index.php?rest_route=\/wp\/v2\/pages\/18"}],"wp:attachment":[{"href":"https:\/\/Skriptorium.Stadt-Sturmwind.de\/index.php?rest_route=%2Fwp%2Fv2%2Fmedia&parent=26"}],"curies":[{"name":"wp","href":"https:\/\/api.w.org\/{rel}","templated":true}]}}