{"id":524,"date":"2019-03-31T00:34:48","date_gmt":"2019-03-30T23:34:48","guid":{"rendered":"https:\/\/Skriptorium.Stadt-Sturmwind.de\/?page_id=524"},"modified":"2020-01-11T02:20:24","modified_gmt":"2020-01-11T01:20:24","slug":"impressum","status":"publish","type":"page","link":"https:\/\/Skriptorium.Stadt-Sturmwind.de\/?page_id=524","title":{"rendered":"Impressum &#038; Kontakt"},"content":{"rendered":"\n<p>Die <a href=\"https:\/\/skriptorium.stadt-sturmwind.de\">Online-Pr\u00e4senz des Skriptoriums<\/a> entspricht nicht der Definitionen f\u00fcr &#8220;gesch\u00e4ftsm\u00e4\u00dfige Online-Dienste&#8221; nach <a rel=\"noreferrer noopener\" aria-label=\"\u00a7 5 Abs. 1 des Telemediengesetzes (TMG) (opens in a new tab)\" href=\"https:\/\/www.gesetze-im-internet.de\/tmg\/__5.html\" target=\"_blank\">\u00a7 5 Abs. 1 des Telemediengesetzes (TMG)<\/a> und ist daher nicht der Impressumpflicht untergeordnet.<\/p>\n\n\n\n<p>Bei den Angeboten dieser Internetpr\u00e4senz handelt es sich um fiktive Waren und Dienstleistungen die im &#8220;Massively Multiplayer Online Role-Playing Game&#8221; <a href=\"https:\/\/worldofwarcraft.com\" target=\"_blank\" rel=\"noreferrer noopener\" aria-label=\"World of Warcraft (opens in a new tab)\">World of Warcraft<\/a> der <a rel=\"noreferrer noopener\" aria-label=\"Blizzard Entertainment, Inc. (opens in a new tab)\" href=\"https:\/\/www.blizzard.com\" target=\"_blank\">Blizzard Entertainment, Inc.<\/a>, unentgeldlich Gegenstand einer Rollenspielhandlung sind. Unentgeldlich bedeutet, dass kein Finanztransfer gefordert wird, weder in Form von realen wie Ingamew\u00e4hrungen.<br><\/p>\n\n\n\n<hr class=\"wp-block-separator\"\/>\n\n\n\n<p>Kontakt:  Enestress@DieAldorEU <\/p>\n","protected":false},"excerpt":{"rendered":"<p>Die Online-Pr\u00e4senz des Skriptoriums entspricht nicht der Definitionen f\u00fcr &#8220;gesch\u00e4ftsm\u00e4\u00dfige Online-Dienste&#8221; nach \u00a7 5 Abs. 1 des Telemediengesetzes (TMG) und ist daher nicht der Impressumpflicht untergeordnet. Bei den Angeboten dieser Internetpr\u00e4senz handelt es sich um fiktive Waren und Dienstleistungen die im &#8220;Massively Multiplayer Online Role-Playing Game&#8221; World of Warcraft der Blizzard Entertainment, Inc., unentgeldlich Gegenstand &hellip; <\/p>\n<p class=\"link-more\"><a href=\"https:\/\/Skriptorium.Stadt-Sturmwind.de\/?page_id=524\" class=\"more-link\">Continue reading<span class=\"screen-reader-text\"> &#8220;Impressum &#038; Kontakt&#8221;<\/span><\/a><\/p>\n","protected":false},"author":1,"featured_media":0,"parent":0,"menu_order":0,"comment_status":"closed","ping_status":"closed","template":"","meta":{"footnotes":""},"class_list":["post-524","page","type-page","status-publish","hentry"],"pbg_featured_image_src":{"full":false,"thumbnail":false,"medium":false,"medium_large":false,"large":false,"1536x1536":false,"2048x2048":false,"rcno-book-cover-lg":false,"rcno-book-cover-sm":false,"twentyseventeen-featured-image":false,"twentyseventeen-thumbnail-avatar":false},"pbg_author_info":{"display_name":"Das Skriptorium","author_link":"","author_img":false},"pbg_comment_info":" No Comments","pbg_excerpt":"Die Online-Pr\u00e4senz des Skriptoriums entspricht nicht der Definitionen f\u00fcr &#8220;gesch\u00e4ftsm\u00e4\u00dfige Online-Dienste&#8221; nach \u00a7 5 Abs. 1 des Telemediengesetzes (TMG) und ist daher nicht der Impressumpflicht untergeordnet. Bei den Angeboten dieser Internetpr\u00e4senz handelt es sich um fiktive Waren und Dienstleistungen die im &#8220;Massively Multiplayer Online Role-Playing Game&#8221; World of Warcraft der Blizzard Entertainment, Inc., unentgeldlich Gegenstand&hellip;","_links":{"self":[{"href":"https:\/\/Skriptorium.Stadt-Sturmwind.de\/index.php?rest_route=\/wp\/v2\/pages\/524","targetHints":{"allow":["GET"]}}],"collection":[{"href":"https:\/\/Skriptorium.Stadt-Sturmwind.de\/index.php?rest_route=\/wp\/v2\/pages"}],"about":[{"href":"https:\/\/Skriptorium.Stadt-Sturmwind.de\/index.php?rest_route=\/wp\/v2\/types\/page"}],"author":[{"embeddable":true,"href":"https:\/\/Skriptorium.Stadt-Sturmwind.de\/index.php?rest_route=\/wp\/v2\/users\/1"}],"replies":[{"embeddable":true,"href":"https:\/\/Skriptorium.Stadt-Sturmwind.de\/index.php?rest_route=%2Fwp%2Fv2%2Fcomments&post=524"}],"version-history":[{"count":3,"href":"https:\/\/Skriptorium.Stadt-Sturmwind.de\/index.php?rest_route=\/wp\/v2\/pages\/524\/revisions"}],"predecessor-version":[{"id":1421,"href":"https:\/\/Skriptorium.Stadt-Sturmwind.de\/index.php?rest_route=\/wp\/v2\/pages\/524\/revisions\/1421"}],"wp:attachment":[{"href":"https:\/\/Skriptorium.Stadt-Sturmwind.de\/index.php?rest_route=%2Fwp%2Fv2%2Fmedia&parent=524"}],"curies":[{"name":"wp","href":"https:\/\/api.w.org\/{rel}","templated":true}]}}